{"id":2841,"date":"2024-08-23T21:35:26","date_gmt":"2024-08-23T21:35:26","guid":{"rendered":"https:\/\/homotheoreticus.com\/index.php\/membership-login\/"},"modified":"2026-04-09T13:26:17","modified_gmt":"2026-04-09T13:26:17","slug":"membership-login","status":"publish","type":"page","link":"https:\/\/homotheoreticus.com\/index.php\/membership-login\/","title":{"rendered":"Mi cuenta"},"content":{"rendered":"<div class=\"swpm-partial-protection-msg\"><div class=\"swpm-partial-protection\"><span class=\"swpm-partial-protection-text\"><\/span><\/div><\/div>\n\n\n<\/p>\n\n\n\n<h3 class=\"wp-block-heading\">Ingreso de usuario<\/h3>\n\n\n\n<p>Si ya sos miembro del blog, ingres\u00e1 tu usuario y contrase\u00f1a. Si no, pod\u00e9s crearte una cuenta como miembro para acceder a distintos beneficios.<\/p>\n\n\n<p>\n\n\n<div class=\"swpm-login-widget-form\">\n    <form id=\"swpm-login-form\" name=\"swpm-login-form\" method=\"post\" action=\"\">\n        <div class=\"swpm-login-form-inner\">\n            <div class=\"swpm-username-label\">\n                <label for=\"swpm_user_name\" class=\"swpm-label\">Nombre de usuario o correo electr\u00f3nico<\/label>\n            <\/div>\n            <div class=\"swpm-username-input\">\n                <input type=\"text\" class=\"swpm-text-field swpm-username-field\" id=\"swpm_user_name\" value=\"\" size=\"25\" name=\"swpm_user_name\" \/>\n            <\/div>\n            <div class=\"swpm-password-label\">\n                <label for=\"swpm_password\" class=\"swpm-label\">Contrase\u00f1a<\/label>\n            <\/div>\n            <div class=\"swpm-password-input\">                \n                <input type=\"password\" class=\"swpm-text-field swpm-password-field\" id=\"swpm_password\" value=\"\" size=\"25\" name=\"swpm_password\" \/>                \n            <\/div>\n                            <div class=\"swpm-password-input-visibility\">                                        \n                    <span class=\"swpm-password-toggle-checkbox\"><input type=\"checkbox\" name=\"swpm-password-toggle-checkbox\" id=\"swpm-password-toggle-checkbox\" data-state=\"password-hidden\" > <\/span>\n                    <label for=\"swpm-password-toggle-checkbox\" class=\"swpm-password-toggle-checkbox-label\">\n                        <span class=\"swpm-password-toggle-label\"> Mostrar la contrase\u00f1a<\/span>\n                    <\/label>\n                <\/div>\n                        <div class=\"swpm-remember-me\">\n                <span class=\"swpm-remember-checkbox\"><input type=\"checkbox\" name=\"rememberme\" id=\"swpm-rememberme\"><\/span>\n                <label for=\"swpm-rememberme\" class=\"swpm-rememberme-label\">\n                    <span class=\"swpm-rember-label\"> Recu\u00e9rdame<\/span>\n                <\/label>\n            <\/div>\n\n            <div class=\"swpm-before-login-submit-section\"><\/div>\n\n            <div class=\"swpm-login-submit\">\n                <input type=\"submit\" class=\"swpm-login-form-submit swpm-submit-btn-default-style\" name=\"swpm-login\" value=\"Acceder\"\/>\n            <\/div>\n            <div class=\"swpm-forgot-pass-link\">\n                <a id=\"forgot_pass\" class=\"swpm-login-form-pw-reset-link\"  href=\"https:\/\/homotheoreticus.com\/index.php\/membership-login\/password-reset\/\">\u00bfHas olvidado tu contrase\u00f1a?<\/a>\n            <\/div>\n                        <div class=\"swpm-join-us-link\">\n                <a id=\"register\" class=\"swpm-login-form-register-link\" href=\"https:\/\/homotheoreticus.com\/index.php\/membership-join\/membership-registration\/\">\u00danete a nosotros<\/a>\n            <\/div>\n                        <div class=\"swpm-login-action-msg\">\n                <span class=\"swpm-login-widget-action-msg\"><\/span>\n            <\/div>\n        <\/div>\n    <\/form>\n<\/div>\n\n\n\n<\/p>\n\n\n\n<p><strong>Ingresar con red social<\/strong>:<\/p>\n\n\n<p><div ><div class=\"the_champ_login_container\"><ul class=\"the_champ_login_ul\"><li><i class=\"theChampLogin theChampFacebookBackground theChampFacebookLogin\" alt=\"Login with Facebook\" title=\"Login with Facebook\" onclick=\"theChampInitiateLogin(this, 'facebook')\" ><div class=\"theChampFacebookLogoContainer\"><ss style=\"display:block\" class=\"theChampLoginSvg theChampFacebookLoginSvg\"><\/ss><\/div><\/i><\/li><li><i id=\"theChampGoogleButton\" class=\"theChampLogin theChampGoogleBackground theChampGoogleLogin\" alt=\"Login with Google\" title=\"Login with Google\" onclick=\"theChampInitiateLogin(this, 'google')\" ><ss style=\"display:block\" class=\"theChampLoginSvg theChampGoogleLoginSvg\"><\/ss><\/i><\/li><\/ul><\/div><\/div><div style=\"clear:both\"><\/div><\/p>\n\n\n\n<h3 class=\"wp-block-heading\">Suscripciones<\/h3>\n\n\n\n<p>Si a\u00fan no sos miembro, pod\u00e9s suscribirte ingresando aqu\u00ed:<\/p>\n\n\n\n<div class=\"wp-block-buttons is-layout-flex wp-block-buttons-is-layout-flex\">\n<div class=\"wp-block-button\"><a class=\"wp-block-button__link has-accent-1-background-color has-background wp-element-button\" href=\"https:\/\/homotheoreticus.com\/index.php\/crear-usuario\/\">Suscribirme<\/a><\/div>\n<\/div>\n\n\n<p>\n\n\n<div class=\"swpm-partial-protection-msg\"><div class=\"swpm-partial-protection\"><span class=\"swpm-partial-protection-text\">This content is for members only.<\/span><\/div><\/div>\n\n\n<div class=\"swpm-partial-protection-msg\"><div class=\"swpm-partial-protection\"><span class=\"swpm-partial-protection-text\"><\/span><\/div><\/div>\n\n\n<div class=\"swpm-partial-protection-msg\"><div class=\"swpm-partial-protection\"><span class=\"swpm-partial-protection-text\"><\/span><\/div><\/div>\n\n\n<div class=\"swpm-partial-protection-msg\"><div class=\"swpm-partial-protection\"><span class=\"swpm-partial-protection-text\"><\/span><\/div><\/div>\n\n\n<div class=\"swpm-partial-protection-msg\"><div class=\"swpm-partial-protection\"><span class=\"swpm-partial-protection-text\"><\/span><\/div><\/div>\n\n\n<div class=\"swpm-partial-protection-msg\"><div class=\"swpm-partial-protection\"><span class=\"swpm-partial-protection-text\"><\/span><\/div><\/div>\n\n\n<div class=\"swpm-partial-protection-msg\"><div class=\"swpm-partial-protection\"><span class=\"swpm-partial-protection-text\"><\/span><\/div><\/div>\n\n\n<div class=\"swpm-partial-protection-msg\"><div class=\"swpm-partial-protection\"><span class=\"swpm-partial-protection-text\"><\/span><\/div><\/div>\n\n\n<div class=\"swpm-partial-protection-msg\"><div class=\"swpm-partial-protection\"><span class=\"swpm-partial-protection-text\"><\/span><\/div><\/div>\n\n\n<div class=\"swpm-partial-protection-msg\"><div class=\"swpm-partial-protection\"><span class=\"swpm-partial-protection-text\"><\/span><\/div><\/div>\n\n\n<div class=\"swpm-partial-protection-msg\"><div class=\"swpm-partial-protection\"><span class=\"swpm-partial-protection-text\"><\/span><\/div><\/div>\n\n\n\n<p><\/p>\n","protected":false},"excerpt":{"rendered":"<p>Espacio para iniciar sesi\u00f3n en el blog Homo Theoreticus o adquirir una membres\u00eda. Aqu\u00ed  tambi\u00e9n podr\u00e1s acceder a tus cursos y talleres online.<\/p>\n","protected":false},"author":1,"featured_media":4023,"parent":0,"menu_order":0,"comment_status":"closed","ping_status":"closed","template":"","meta":{"om_disable_all_campaigns":false,"_monsterinsights_skip_tracking":false,"_monsterinsights_sitenote_active":false,"_monsterinsights_sitenote_note":"","_monsterinsights_sitenote_category":0,"_uf_show_specific_survey":0,"_uf_disable_surveys":false,"cybocfi_hide_featured_image":"yes","footnotes":""},"class_list":["post-2841","page","type-page","status-publish","has-post-thumbnail","hentry"],"aioseo_notices":[],"_links":{"self":[{"href":"https:\/\/homotheoreticus.com\/index.php\/wp-json\/wp\/v2\/pages\/2841","targetHints":{"allow":["GET"]}}],"collection":[{"href":"https:\/\/homotheoreticus.com\/index.php\/wp-json\/wp\/v2\/pages"}],"about":[{"href":"https:\/\/homotheoreticus.com\/index.php\/wp-json\/wp\/v2\/types\/page"}],"author":[{"embeddable":true,"href":"https:\/\/homotheoreticus.com\/index.php\/wp-json\/wp\/v2\/users\/1"}],"replies":[{"embeddable":true,"href":"https:\/\/homotheoreticus.com\/index.php\/wp-json\/wp\/v2\/comments?post=2841"}],"version-history":[{"count":110,"href":"https:\/\/homotheoreticus.com\/index.php\/wp-json\/wp\/v2\/pages\/2841\/revisions"}],"predecessor-version":[{"id":5107,"href":"https:\/\/homotheoreticus.com\/index.php\/wp-json\/wp\/v2\/pages\/2841\/revisions\/5107"}],"wp:featuredmedia":[{"embeddable":true,"href":"https:\/\/homotheoreticus.com\/index.php\/wp-json\/wp\/v2\/media\/4023"}],"wp:attachment":[{"href":"https:\/\/homotheoreticus.com\/index.php\/wp-json\/wp\/v2\/media?parent=2841"}],"curies":[{"name":"wp","href":"https:\/\/api.w.org\/{rel}","templated":true}]}}