{"id":4360,"date":"2025-06-12T13:22:33","date_gmt":"2025-06-12T13:22:33","guid":{"rendered":"https:\/\/homotheoreticus.com\/?page_id=4360"},"modified":"2025-11-29T17:43:34","modified_gmt":"2025-11-29T17:43:34","slug":"cursantes-fabricacion-de-equipo-outdoor-inicial","status":"publish","type":"page","link":"https:\/\/homotheoreticus.com\/index.php\/cursantes-fabricacion-de-equipo-outdoor-inicial\/","title":{"rendered":"Cursantes: Fabricaci\u00f3n de Equipo Outdoor (inicial)"},"content":{"rendered":"<div class=\"swpm-partial-protection-msg\"><div class=\"swpm-partial-protection\"><span class=\"swpm-partial-protection-text\">Contenido disponible solo para cursantes. Puedes iniciar sesi\u00f3n ingresando <a href=\"https:\/\/homotheoreticus.com\/index.php\/membership-login\/\">aqu\u00ed.<\/a><\/span><\/div><\/div>\n","protected":false},"excerpt":{"rendered":"<p>Espacio para los cursantes del nivel inicial del curso \u00abFabricaci\u00f3n de equipo outdoor\u00bb. Aqu\u00ed van a encontrar las clases grabadas, enlaces \u00fatiles y archivos para descargar. Al pie de p\u00e1gina pueden dejar preguntas o comentarios. Para visualizar las clases y descargar los archivos deber\u00e1n abrir la sesi\u00f3n de correo con la que se inscribieron.<\/p>\n","protected":false},"author":1,"featured_media":4168,"parent":0,"menu_order":0,"comment_status":"open","ping_status":"closed","template":"","meta":{"om_disable_all_campaigns":false,"_monsterinsights_skip_tracking":false,"_monsterinsights_sitenote_active":false,"_monsterinsights_sitenote_note":"","_monsterinsights_sitenote_category":0,"_uf_show_specific_survey":0,"_uf_disable_surveys":false,"cybocfi_hide_featured_image":"","footnotes":""},"class_list":["post-4360","page","type-page","status-publish","has-post-thumbnail","hentry"],"aioseo_notices":[],"_links":{"self":[{"href":"https:\/\/homotheoreticus.com\/index.php\/wp-json\/wp\/v2\/pages\/4360","targetHints":{"allow":["GET"]}}],"collection":[{"href":"https:\/\/homotheoreticus.com\/index.php\/wp-json\/wp\/v2\/pages"}],"about":[{"href":"https:\/\/homotheoreticus.com\/index.php\/wp-json\/wp\/v2\/types\/page"}],"author":[{"embeddable":true,"href":"https:\/\/homotheoreticus.com\/index.php\/wp-json\/wp\/v2\/users\/1"}],"replies":[{"embeddable":true,"href":"https:\/\/homotheoreticus.com\/index.php\/wp-json\/wp\/v2\/comments?post=4360"}],"version-history":[{"count":47,"href":"https:\/\/homotheoreticus.com\/index.php\/wp-json\/wp\/v2\/pages\/4360\/revisions"}],"predecessor-version":[{"id":4936,"href":"https:\/\/homotheoreticus.com\/index.php\/wp-json\/wp\/v2\/pages\/4360\/revisions\/4936"}],"wp:featuredmedia":[{"embeddable":true,"href":"https:\/\/homotheoreticus.com\/index.php\/wp-json\/wp\/v2\/media\/4168"}],"wp:attachment":[{"href":"https:\/\/homotheoreticus.com\/index.php\/wp-json\/wp\/v2\/media?parent=4360"}],"curies":[{"name":"wp","href":"https:\/\/api.w.org\/{rel}","templated":true}]}}