{"id":4656,"date":"2025-07-10T13:09:32","date_gmt":"2025-07-10T13:09:32","guid":{"rendered":"https:\/\/homotheoreticus.com\/?page_id=4656"},"modified":"2026-01-15T16:21:55","modified_gmt":"2026-01-15T16:21:55","slug":"cursantes-del-taller-cocina-para-senderismo-2025","status":"publish","type":"page","link":"https:\/\/homotheoreticus.com\/index.php\/cursantes-del-taller-cocina-para-senderismo-2025\/","title":{"rendered":"Cursantes del taller: cocina para senderismo (2025)"},"content":{"rendered":"\n<div class=\"wp-block-buttons is-layout-flex wp-block-buttons-is-layout-flex\">\n<div class=\"wp-block-button\"><a class=\"wp-block-button__link wp-element-button\" href=\"https:\/\/forms.gle\/BmRaARNd5pS6z8Ee8\">Inscripciones<\/a><\/div>\n<\/div>\n\n\n<div class=\"swpm-partial-protection-msg\"><div class=\"swpm-partial-protection\"><span class=\"swpm-partial-protection-text\">Contenido disponible solo para cursantes. Puedes iniciar sesi\u00f3n ingresando <a href=\"https:\/\/homotheoreticus.com\/index.php\/membership-login\/\">aqu\u00ed.<\/a><\/span><\/div><\/div>\n","protected":false},"excerpt":{"rendered":"<p>Espacio para los cursantes del taller. Aqu\u00ed van a encontrar las clases grabadas, enlaces \u00fatiles y archivos para descargar. Al pie de p\u00e1gina pueden dejar preguntas o comentarios. Para visualizar las clases y descargar los archivos deber\u00e1n abrir la sesi\u00f3n de correo con la que se inscribieron.<\/p>\n","protected":false},"author":1,"featured_media":4539,"parent":0,"menu_order":0,"comment_status":"open","ping_status":"closed","template":"","meta":{"om_disable_all_campaigns":false,"_monsterinsights_skip_tracking":false,"_monsterinsights_sitenote_active":false,"_monsterinsights_sitenote_note":"","_monsterinsights_sitenote_category":0,"_uf_show_specific_survey":0,"_uf_disable_surveys":false,"cybocfi_hide_featured_image":"","footnotes":""},"class_list":["post-4656","page","type-page","status-publish","has-post-thumbnail","hentry"],"aioseo_notices":[],"_links":{"self":[{"href":"https:\/\/homotheoreticus.com\/index.php\/wp-json\/wp\/v2\/pages\/4656","targetHints":{"allow":["GET"]}}],"collection":[{"href":"https:\/\/homotheoreticus.com\/index.php\/wp-json\/wp\/v2\/pages"}],"about":[{"href":"https:\/\/homotheoreticus.com\/index.php\/wp-json\/wp\/v2\/types\/page"}],"author":[{"embeddable":true,"href":"https:\/\/homotheoreticus.com\/index.php\/wp-json\/wp\/v2\/users\/1"}],"replies":[{"embeddable":true,"href":"https:\/\/homotheoreticus.com\/index.php\/wp-json\/wp\/v2\/comments?post=4656"}],"version-history":[{"count":27,"href":"https:\/\/homotheoreticus.com\/index.php\/wp-json\/wp\/v2\/pages\/4656\/revisions"}],"predecessor-version":[{"id":5039,"href":"https:\/\/homotheoreticus.com\/index.php\/wp-json\/wp\/v2\/pages\/4656\/revisions\/5039"}],"wp:featuredmedia":[{"embeddable":true,"href":"https:\/\/homotheoreticus.com\/index.php\/wp-json\/wp\/v2\/media\/4539"}],"wp:attachment":[{"href":"https:\/\/homotheoreticus.com\/index.php\/wp-json\/wp\/v2\/media?parent=4656"}],"curies":[{"name":"wp","href":"https:\/\/api.w.org\/{rel}","templated":true}]}}