{"id":4892,"date":"2025-11-19T17:42:19","date_gmt":"2025-11-19T17:42:19","guid":{"rendered":"https:\/\/homotheoreticus.com\/?page_id=4892"},"modified":"2025-12-11T11:33:15","modified_gmt":"2025-12-11T11:33:15","slug":"cursantes-del-taller-equipo-para-senderismo-ultra-liviano-noviembre","status":"publish","type":"page","link":"https:\/\/homotheoreticus.com\/index.php\/cursantes-del-taller-equipo-para-senderismo-ultra-liviano-noviembre\/","title":{"rendered":"Cursantes del taller: Equipo para senderismo ultra liviano (Noviembre)"},"content":{"rendered":"<div class=\"swpm-partial-protection-msg\"><div class=\"swpm-partial-protection\"><span class=\"swpm-partial-protection-text\">Contenido disponible solo para cursantes. Puedes iniciar sesi\u00f3n ingresando <a href=\"https:\/\/homotheoreticus.com\/index.php\/membership-login\/\">aqu\u00ed.<\/a><\/span><\/div><\/div>\n","protected":false},"excerpt":{"rendered":"<p>Espacio para cursantes del taller \u00abEquipo para senderismo ultra liviano\u00bb. Aqu\u00ed encontrar\u00e1n las clases grabadas, archivos y enlaces de inter\u00e9s. Al pie de p\u00e1gina hay un espacio para comentarios y consultas.<\/p>\n","protected":false},"author":1,"featured_media":3329,"parent":0,"menu_order":0,"comment_status":"open","ping_status":"closed","template":"","meta":{"om_disable_all_campaigns":false,"_monsterinsights_skip_tracking":false,"_monsterinsights_sitenote_active":false,"_monsterinsights_sitenote_note":"","_monsterinsights_sitenote_category":0,"_uf_show_specific_survey":0,"_uf_disable_surveys":false,"cybocfi_hide_featured_image":"yes","footnotes":""},"class_list":["post-4892","page","type-page","status-publish","has-post-thumbnail","hentry"],"aioseo_notices":[],"_links":{"self":[{"href":"https:\/\/homotheoreticus.com\/index.php\/wp-json\/wp\/v2\/pages\/4892","targetHints":{"allow":["GET"]}}],"collection":[{"href":"https:\/\/homotheoreticus.com\/index.php\/wp-json\/wp\/v2\/pages"}],"about":[{"href":"https:\/\/homotheoreticus.com\/index.php\/wp-json\/wp\/v2\/types\/page"}],"author":[{"embeddable":true,"href":"https:\/\/homotheoreticus.com\/index.php\/wp-json\/wp\/v2\/users\/1"}],"replies":[{"embeddable":true,"href":"https:\/\/homotheoreticus.com\/index.php\/wp-json\/wp\/v2\/comments?post=4892"}],"version-history":[{"count":6,"href":"https:\/\/homotheoreticus.com\/index.php\/wp-json\/wp\/v2\/pages\/4892\/revisions"}],"predecessor-version":[{"id":4978,"href":"https:\/\/homotheoreticus.com\/index.php\/wp-json\/wp\/v2\/pages\/4892\/revisions\/4978"}],"wp:featuredmedia":[{"embeddable":true,"href":"https:\/\/homotheoreticus.com\/index.php\/wp-json\/wp\/v2\/media\/3329"}],"wp:attachment":[{"href":"https:\/\/homotheoreticus.com\/index.php\/wp-json\/wp\/v2\/media?parent=4892"}],"curies":[{"name":"wp","href":"https:\/\/api.w.org\/{rel}","templated":true}]}}