{"id":5051,"date":"2026-02-09T18:05:55","date_gmt":"2026-02-09T18:05:55","guid":{"rendered":"https:\/\/homotheoreticus.com\/?page_id=5051"},"modified":"2026-02-23T12:45:25","modified_gmt":"2026-02-23T12:45:25","slug":"cursantes-iniciacion-a-la-fabricacion-outdoor-2026","status":"publish","type":"page","link":"https:\/\/homotheoreticus.com\/index.php\/cursantes-iniciacion-a-la-fabricacion-outdoor-2026\/","title":{"rendered":"Cursantes: Iniciaci\u00f3n a la fabricaci\u00f3n outdoor (2026)"},"content":{"rendered":"<div class=\"swpm-partial-protection-msg\"><div class=\"swpm-partial-protection\"><span class=\"swpm-partial-protection-text\">Contenido disponible solo para cursantes. Puedes iniciar sesi\u00f3n ingresando <a href=\"https:\/\/homotheoreticus.com\/index.php\/membership-login\/\">aqu\u00ed.<\/a><\/span><\/div><\/div>\n","protected":false},"excerpt":{"rendered":"<p>Espacio para los cursantes del nivel inicial del curso \u00abFabricaci\u00f3n de equipo outdoor\u00bb. Aqu\u00ed van a encontrar las clases grabadas, enlaces \u00fatiles y archivos para descargar. Al pie de p\u00e1gina pueden dejar preguntas o comentarios. Para visualizar las clases y descargar los archivos deber\u00e1n abrir la sesi\u00f3n de correo con la que se inscribieron.<\/p>\n","protected":false},"author":1,"featured_media":4168,"parent":0,"menu_order":0,"comment_status":"open","ping_status":"closed","template":"","meta":{"om_disable_all_campaigns":false,"_monsterinsights_skip_tracking":false,"_monsterinsights_sitenote_active":false,"_monsterinsights_sitenote_note":"","_monsterinsights_sitenote_category":0,"_uf_show_specific_survey":0,"_uf_disable_surveys":false,"cybocfi_hide_featured_image":"","footnotes":""},"class_list":["post-5051","page","type-page","status-publish","has-post-thumbnail","hentry"],"aioseo_notices":[],"_links":{"self":[{"href":"https:\/\/homotheoreticus.com\/index.php\/wp-json\/wp\/v2\/pages\/5051","targetHints":{"allow":["GET"]}}],"collection":[{"href":"https:\/\/homotheoreticus.com\/index.php\/wp-json\/wp\/v2\/pages"}],"about":[{"href":"https:\/\/homotheoreticus.com\/index.php\/wp-json\/wp\/v2\/types\/page"}],"author":[{"embeddable":true,"href":"https:\/\/homotheoreticus.com\/index.php\/wp-json\/wp\/v2\/users\/1"}],"replies":[{"embeddable":true,"href":"https:\/\/homotheoreticus.com\/index.php\/wp-json\/wp\/v2\/comments?post=5051"}],"version-history":[{"count":2,"href":"https:\/\/homotheoreticus.com\/index.php\/wp-json\/wp\/v2\/pages\/5051\/revisions"}],"predecessor-version":[{"id":5063,"href":"https:\/\/homotheoreticus.com\/index.php\/wp-json\/wp\/v2\/pages\/5051\/revisions\/5063"}],"wp:featuredmedia":[{"embeddable":true,"href":"https:\/\/homotheoreticus.com\/index.php\/wp-json\/wp\/v2\/media\/4168"}],"wp:attachment":[{"href":"https:\/\/homotheoreticus.com\/index.php\/wp-json\/wp\/v2\/media?parent=5051"}],"curies":[{"name":"wp","href":"https:\/\/api.w.org\/{rel}","templated":true}]}}